{"id":15255,"date":"2015-04-09T13:26:37","date_gmt":"2015-04-09T13:26:37","guid":{"rendered":"http:\/\/demo.qodeinteractive.com\/bridge71\/?page_id=15255"},"modified":"2022-03-22T15:48:45","modified_gmt":"2022-03-22T15:48:45","slug":"homepage","status":"publish","type":"page","link":"https:\/\/casaheyne.com\/es\/","title":{"rendered":"Inicio"},"content":{"rendered":"<p>[vc_row css_animation=\u00bb\u00bb row_type=\u00bbrow\u00bb use_row_as_full_screen_section=\u00bbno\u00bb type=\u00bbgrid\u00bb angled_section=\u00bbno\u00bb text_align=\u00bbcenter\u00bb background_image_as_pattern=\u00bbwithout_pattern\u00bb padding_bottom=\u00bb65&#8243;][vc_column offset=\u00bbvc_col-lg-offset-2 vc_col-lg-8 vc_col-md-offset-1 vc_col-md-10&#8243;][vc_separator type=\u00bbtransparent\u00bb up=\u00bb23&#8243; down=\u00bb0&#8243;][vc_column_text]<\/p>\n<h3 style=\"text-align: center;\">UNA OBRA MAESTRA ARTESANAL<\/h3>\n<p>[\/vc_column_text][vc_separator type=\u00bbtransparent\u00bb up=\u00bb15&#8243; down=\u00bb0&#8243;][vc_column_text]<\/p>\n<h4 style=\"text-align: center;\">Dise\u00f1ada por el renombrado arquitecto San Miguelense, Pedro Urquiza, Casa<br \/>\nHeyne es verdaderamente una de las m\u00e1s grandiosas y hermosas propiedades en San Miguel de Allende. De casi 1,700 metros cuadrados y 6 habitaciones, la casa tipo hacienda ubicada en una colina nos da amplias vistas del centro hist\u00f3rico de San Miguel y sus alrededores.<\/h4>\n<p>[\/vc_column_text][vc_empty_space][vc_row_inner row_type=\u00bbrow\u00bb type=\u00bbfull_width\u00bb text_align=\u00bbleft\u00bb css_animation=\u00bb\u00bb][vc_column_inner width=\u00bb1\/2&#8243;][vc_column_text]<\/p>\n<ul style=\"font-size: 18px;\">\n<li style=\"text-align: left;\">6 recamaras con ba\u00f1o en-suite<\/li>\n<li>Alberca<\/li>\n<li>Agua purificado<\/li>\n<li style=\"text-align: left;\">Equipo profesional &#8212; un concierge bilingual y chef personal<\/li>\n<li>Ubicacion adentro una comunidad privada<\/li>\n<\/ul>\n<p>[\/vc_column_text][\/vc_column_inner][vc_column_inner width=\u00bb1\/2&#8243;][vc_column_text]<\/p>\n<ul style=\"font-size: 18px;\">\n<li>10-minutos a centro<\/li>\n<li>Circa de los centros del eventos y bodas en Rosewood, Hotel Matilda, Belmond y La Parada.<\/li>\n<li>Vistas panor\u00e1micas de las montanas y centro hist\u00f3rico.<\/li>\n<\/ul>\n<p>[\/vc_column_text][\/vc_column_inner][\/vc_row_inner][\/vc_column][\/vc_row][vc_row css_animation=\u00bb\u00bb row_type=\u00bbrow\u00bb use_row_as_full_screen_section=\u00bbno\u00bb type=\u00bbfull_width\u00bb angled_section=\u00bbno\u00bb text_align=\u00bbleft\u00bb background_image_as_pattern=\u00bbwithout_pattern\u00bb][vc_column][vc_empty_space height=\u00bb50px\u00bb]<div class=\"qode-advanced-image-gallery  qode-aig-grid-type qode-medium-space   \">\n\t<div class=\"qode-aig-inner qode-outer-space qode-aig-grid qode-aig-four-columns\">\n\t\t\t\t\t<div class=\"qode-aig-image qode-item-space\">\n\t\t\t\t<div class=\"qode-aig-image-inner\">\n\t\t\t\t\t\t\t\t\t\t\t<img loading=\"lazy\" decoding=\"async\" src=\"https:\/\/casaheyne.com\/wp-content\/uploads\/2019\/11\/exterior-400x400.jpg\" alt=\"\" width=\"400\" height=\"400\" \/>\t\t\t\t\t\t<span class=\"aig-gallery-hover\">\n\t\t\t\t\t\t\t\t\t\t\t\t\t<\/span>\n\t\t\t\t\t\t\t\t\t<\/div>\n\t\t\t<\/div>\n\t\t\t\t\t<div class=\"qode-aig-image qode-item-space\">\n\t\t\t\t<div class=\"qode-aig-image-inner\">\n\t\t\t\t\t\t\t\t\t\t\t<img loading=\"lazy\" decoding=\"async\" src=\"https:\/\/casaheyne.com\/wp-content\/uploads\/2019\/11\/hallwy-400x400.jpg\" alt=\"\" width=\"400\" height=\"400\" \/>\t\t\t\t\t\t<span class=\"aig-gallery-hover\">\n\t\t\t\t\t\t\t\t\t\t\t\t\t<\/span>\n\t\t\t\t\t\t\t\t\t<\/div>\n\t\t\t<\/div>\n\t\t\t\t\t<div class=\"qode-aig-image qode-item-space\">\n\t\t\t\t<div class=\"qode-aig-image-inner\">\n\t\t\t\t\t\t\t\t\t\t\t<img loading=\"lazy\" decoding=\"async\" src=\"https:\/\/casaheyne.com\/wp-content\/uploads\/2019\/12\/pool2-400x400.jpg\" alt=\"\" width=\"400\" height=\"400\" \/>\t\t\t\t\t\t<span class=\"aig-gallery-hover\">\n\t\t\t\t\t\t\t\t\t\t\t\t\t<\/span>\n\t\t\t\t\t\t\t\t\t<\/div>\n\t\t\t<\/div>\n\t\t\t\t\t<div class=\"qode-aig-image qode-item-space\">\n\t\t\t\t<div class=\"qode-aig-image-inner\">\n\t\t\t\t\t\t\t\t\t\t\t<img loading=\"lazy\" decoding=\"async\" src=\"https:\/\/casaheyne.com\/wp-content\/uploads\/2019\/11\/ext8-400x400.jpg\" alt=\"\" width=\"400\" height=\"400\" \/>\t\t\t\t\t\t<span class=\"aig-gallery-hover\">\n\t\t\t\t\t\t\t\t\t\t\t\t\t<\/span>\n\t\t\t\t\t\t\t\t\t<\/div>\n\t\t\t<\/div>\n\t\t\t\t\t<div class=\"qode-aig-image qode-item-space\">\n\t\t\t\t<div class=\"qode-aig-image-inner\">\n\t\t\t\t\t\t\t\t\t\t\t<img loading=\"lazy\" decoding=\"async\" src=\"https:\/\/casaheyne.com\/wp-content\/uploads\/2019\/11\/ceiling-400x400.jpg\" alt=\"\" width=\"400\" height=\"400\" \/>\t\t\t\t\t\t<span class=\"aig-gallery-hover\">\n\t\t\t\t\t\t\t\t\t\t\t\t\t<\/span>\n\t\t\t\t\t\t\t\t\t<\/div>\n\t\t\t<\/div>\n\t\t\t\t\t<div class=\"qode-aig-image qode-item-space\">\n\t\t\t\t<div class=\"qode-aig-image-inner\">\n\t\t\t\t\t\t\t\t\t\t\t<img loading=\"lazy\" decoding=\"async\" src=\"https:\/\/casaheyne.com\/wp-content\/uploads\/2019\/12\/fountain2-400x400.jpg\" alt=\"\" width=\"400\" height=\"400\" \/>\t\t\t\t\t\t<span class=\"aig-gallery-hover\">\n\t\t\t\t\t\t\t\t\t\t\t\t\t<\/span>\n\t\t\t\t\t\t\t\t\t<\/div>\n\t\t\t<\/div>\n\t\t\t\t\t<div class=\"qode-aig-image qode-item-space\">\n\t\t\t\t<div class=\"qode-aig-image-inner\">\n\t\t\t\t\t\t\t\t\t\t\t<img loading=\"lazy\" decoding=\"async\" src=\"https:\/\/casaheyne.com\/wp-content\/uploads\/2019\/11\/ext15-400x400.jpg\" alt=\"\" width=\"400\" height=\"400\" \/>\t\t\t\t\t\t<span class=\"aig-gallery-hover\">\n\t\t\t\t\t\t\t\t\t\t\t\t\t<\/span>\n\t\t\t\t\t\t\t\t\t<\/div>\n\t\t\t<\/div>\n\t\t\t\t\t<div class=\"qode-aig-image qode-item-space\">\n\t\t\t\t<div class=\"qode-aig-image-inner\">\n\t\t\t\t\t\t\t\t\t\t\t<img loading=\"lazy\" decoding=\"async\" src=\"https:\/\/casaheyne.com\/wp-content\/uploads\/2019\/11\/view-400x400.jpg\" alt=\"\" width=\"400\" height=\"400\" \/>\t\t\t\t\t\t<span class=\"aig-gallery-hover\">\n\t\t\t\t\t\t\t\t\t\t\t\t\t<\/span>\n\t\t\t\t\t\t\t\t\t<\/div>\n\t\t\t<\/div>\n\t\t\t<\/div>\n<\/div>[vc_empty_space height=\u00bb50px\u00bb][\/vc_column][\/vc_row][vc_row row_type=\u00bbparallax\u00bb parallax_content_width=\u00bbin_grid\u00bb text_align=\u00bbcenter\u00bb full_screen_section_height=\u00bbno\u00bb background_image=\u00bb15520&#8243; section_height=\u00bb400&#8243;][vc_column][vc_empty_space height=\u00bb50px\u00bb][vc_empty_space height=\u00bb50px\u00bb][vc_empty_space height=\u00bb50px\u00bb][vc_column_text]<\/p>\n<h3 style=\"text-align: center;\"><span style=\"color: #ffffff;\">FIELMENTE CREADA UTILIZANDO UNICAMENTE HERRAMIENTAS Y T\u00c9CNICAS DE LA EPOCA COLONIAL<\/span><\/h3>\n<p>[\/vc_column_text][\/vc_column][\/vc_row][vc_row css_animation=\u00bb\u00bb row_type=\u00bbrow\u00bb use_row_as_full_screen_section=\u00bbno\u00bb type=\u00bbfull_width\u00bb angled_section=\u00bbno\u00bb text_align=\u00bbleft\u00bb background_image_as_pattern=\u00bbwithout_pattern\u00bb][vc_column width=\u00bb2\/3&#8243;][vc_empty_space height=\u00bb50px\u00bb][\/vc_column][vc_column width=\u00bb1\/3&#8243;][\/vc_column][\/vc_row][vc_row css_animation=\u00bb\u00bb row_type=\u00bbrow\u00bb use_row_as_full_screen_section=\u00bbno\u00bb type=\u00bbfull_width\u00bb angled_section=\u00bbno\u00bb text_align=\u00bbcenter\u00bb background_image_as_pattern=\u00bbwithout_pattern\u00bb z_index=\u00bb\u00bb background_color=\u00bb#c9604d\u00bb][vc_column][vc_empty_space height=\u00bb50px\u00bb][vc_single_image image=\u00bb15578&#8243; img_size=\u00bbfull\u00bb alignment=\u00bbcenter\u00bb qode_css_animation=\u00bb\u00bb][vc_column_text]<\/p>\n<h3 style=\"text-align: center;\"><span style=\"color: #ffffff;\">LO QUE NUESTROS INVITADOS DICEN<\/span><\/h3>\n<p>[\/vc_column_text]<div class='testimonials_c_holder clearfix dark'><div class=\"testimonials_c testimonials_c_carousel\" data-show-navigation=\"yes\" data-animation-speed=\"\" data-auto-rotate-slides=\"10\" data-number-per-slide=\"1\"><ul class=\"slides\"><li id=\"testimonials-c-15566\" class=\"testimonial_content\"><div class=\"testimonial_content_inner\"><div class=\"testimonial_title_holder\"><h5>(English) Beautiful Mansion<\/h5><\/div><div class=\"testimonial_text_holder\"><div class=\"testimonial_text_inner\" style=\"\"><p><strong>HERMOSA MANSI\u00d3N<\/strong><br><br> Cada habitaci\u00f3n es \u00fanica, espaciosa y tiene vista al jard\u00edn y al jacuzzi. En pocas palabras, es una hermosa mansi\u00f3n ideal para cualquier tipo de ocasi\u00f3n.<\/p><p class=\"testimonial_author\" style=\"font-weight: 400;\">Brian<\/p><\/div><\/div><\/div><\/li><li id=\"testimonials-c-15565\" class=\"testimonial_content\"><div class=\"testimonial_content_inner\"><div class=\"testimonial_title_holder\"><h5>(English) Beyond Gorgeous<\/h5><\/div><div class=\"testimonial_text_holder\"><div class=\"testimonial_text_inner\" style=\"\"><p><strong>M\u00c1S QUE HERMOSA<\/strong><br><br> El personal de la casa es maravilloso y su comida deliciosa. P\u00eddales que hagan las galletas de mantequilla especiales. La casa es m\u00e1s que hermosa y cada habitaci\u00f3n est\u00e1 decorada a la perfecci\u00f3n.<\/p><p class=\"testimonial_author\" style=\"font-weight: 400;\">Cheryl<\/p><\/div><\/div><\/div><\/li><li id=\"testimonials-c-15567\" class=\"testimonial_content\"><div class=\"testimonial_content_inner\"><div class=\"testimonial_title_holder\"><h5>Epic Experience<\/h5><\/div><div class=\"testimonial_text_holder\"><div class=\"testimonial_text_inner\" style=\"\"><p><strong>EXPERIENCIA \u00c9PICA<\/strong><br><br> \u00c9sta casa es una obra de arte. Nunca antes he visto ni experimentado algo as\u00ed.<\/p><p class=\"testimonial_author\" style=\"font-weight: 400;\">John<\/p><\/div><\/div><\/div><\/li><\/ul><\/div><\/div>[\/vc_column][\/vc_row][vc_row css_animation=\u00bb\u00bb row_type=\u00bbrow\u00bb use_row_as_full_screen_section=\u00bbno\u00bb type=\u00bbfull_width\u00bb angled_section=\u00bbno\u00bb text_align=\u00bbleft\u00bb background_image_as_pattern=\u00bbwithout_pattern\u00bb][vc_column width=\u00bb2\/3&#8243;][vc_empty_space height=\u00bb50px\u00bb][vc_single_image image=\u00bb15563&#8243; img_size=\u00bbfull\u00bb qode_css_animation=\u00bb\u00bb][vc_empty_space height=\u00bb50px\u00bb][\/vc_column][vc_column width=\u00bb1\/3&#8243;][vc_empty_space height=\u00bb50px\u00bb][vc_empty_space height=\u00bb50px\u00bb][vc_column_text]<\/p>\n<h5 style=\"text-align: center;\">SOBRE SAN MIGUEL DE ALLENDE<\/h5>\n<p>[\/vc_column_text][vc_empty_space height=\u00bb50px\u00bb][vc_column_text]<\/p>\n<h4><em>Con sus calles empedradas, mansiones de principios de siglo y plazas acogedoras, es un destino lleno de una rica historia y magn\u00edficos lujos modernos.<\/em><\/h4>\n<h4><\/h4>\n<p>&nbsp;<\/p>\n<h4><em>No es de extra\u00f1ar que los lectores de Travel + Leisure y Cond\u00e9 Nast Traveler hayan nombrado a<br \/>\nSan Miguel de Allende el principal destino del mundo los \u00faltimos dos a\u00f1os.<\/em><\/h4>\n<p>[\/vc_column_text][\/vc_column][\/vc_row][\/vc_column_text][\/vc_column][\/vc_row][vc_row css_animation=\u00bb\u00bb row_type=\u00bbrow\u00bb use_row_as_full_screen_section=\u00bbno\u00bb type=\u00bbgrid\u00bb angled_section=\u00bbno\u00bb text_align=\u00bbcenter\u00bb background_image_as_pattern=\u00bbwithout_pattern\u00bb padding_bottom=\u00bb65&#8243;][vc_column offset=\u00bbvc_col-lg-offset-2 vc_col-lg-8 vc_col-md-offset-1 vc_col-md-10&#8243;][vc_separator type=\u00bbtransparent\u00bb up=\u00bb23&#8243; down=\u00bb0&#8243;][vc_column_text]<\/p>\n<h3 style=\"text-align: center;\">UNA OBRA MAESTRA ARTESANAL<\/h3>\n<p>[\/vc_column_text][vc_separator type=\u00bbtransparent\u00bb up=\u00bb15&#8243; down=\u00bb0&#8243;][vc_column_text]<\/p>\n<h4 style=\"text-align: center;\">Dise\u00f1ada por el renombrado arquitecto San Miguelense, Pedro Urquiza, Casa<br \/>\nHeyne es verdaderamente una de las m\u00e1s grandiosas y hermosas propiedades en San Miguel de Allende. De casi 1,700 metros cuadrados y 6 habitaciones, la casa tipo hacienda ubicada en una colina nos da amplias vistas del centro hist\u00f3rico de San Miguel y sus alrededores.<\/h4>\n<p>[\/vc_column_text][vc_empty_space][vc_row_inner row_type=\u00bbrow\u00bb type=\u00bbfull_width\u00bb text_align=\u00bbleft\u00bb css_animation=\u00bb\u00bb][vc_column_inner width=\u00bb1\/2&#8243;][vc_column_text]<\/p>\n<ul style=\"font-size: 18px;\">\n<li style=\"text-align: left;\">6 recamaras con ba\u00f1o en-suite<\/li>\n<li>Alberca<\/li>\n<li>Agua purificado<\/li>\n<li style=\"text-align: left;\">Equipo profesional &#8212; un concierge bilingual y chef personal<\/li>\n<li>Ubicacion adentro una comunidad privada<\/li>\n<\/ul>\n<p>[\/vc_column_text][\/vc_column_inner][vc_column_inner width=\u00bb1\/2&#8243;][vc_column_text]<\/p>\n<ul style=\"font-size: 18px;\">\n<li>10-minutos a centro<\/li>\n<li>Circa de los centros del eventos y bodas en Rosewood, Hotel Matilda, Belmond y La Parada.<\/li>\n<li>Vistas panor\u00e1micas de las montanas y centro hist\u00f3rico.<\/li>\n<\/ul>\n<p>[\/vc_column_text][\/vc_column_inner][\/vc_row_inner][\/vc_column][\/vc_row][vc_row css_animation=\u00bb\u00bb row_type=\u00bbrow\u00bb use_row_as_full_screen_section=\u00bbno\u00bb type=\u00bbfull_width\u00bb angled_section=\u00bbno\u00bb text_align=\u00bbleft\u00bb background_image_as_pattern=\u00bbwithout_pattern\u00bb][vc_column][vc_empty_space height=\u00bb50px\u00bb]<div class=\"qode-advanced-image-gallery  qode-aig-grid-type qode-medium-space   \">\n\t<div class=\"qode-aig-inner qode-outer-space qode-aig-grid qode-aig-four-columns\">\n\t\t\t\t\t<div class=\"qode-aig-image qode-item-space\">\n\t\t\t\t<div class=\"qode-aig-image-inner\">\n\t\t\t\t\t\t\t\t\t\t\t<img loading=\"lazy\" decoding=\"async\" src=\"https:\/\/casaheyne.com\/wp-content\/uploads\/2019\/11\/exterior-400x400.jpg\" alt=\"\" width=\"400\" height=\"400\" \/>\t\t\t\t\t\t<span class=\"aig-gallery-hover\">\n\t\t\t\t\t\t\t\t\t\t\t\t\t<\/span>\n\t\t\t\t\t\t\t\t\t<\/div>\n\t\t\t<\/div>\n\t\t\t\t\t<div class=\"qode-aig-image qode-item-space\">\n\t\t\t\t<div class=\"qode-aig-image-inner\">\n\t\t\t\t\t\t\t\t\t\t\t<img loading=\"lazy\" decoding=\"async\" src=\"https:\/\/casaheyne.com\/wp-content\/uploads\/2019\/11\/hallwy-400x400.jpg\" alt=\"\" width=\"400\" height=\"400\" \/>\t\t\t\t\t\t<span class=\"aig-gallery-hover\">\n\t\t\t\t\t\t\t\t\t\t\t\t\t<\/span>\n\t\t\t\t\t\t\t\t\t<\/div>\n\t\t\t<\/div>\n\t\t\t\t\t<div class=\"qode-aig-image qode-item-space\">\n\t\t\t\t<div class=\"qode-aig-image-inner\">\n\t\t\t\t\t\t\t\t\t\t\t<img loading=\"lazy\" decoding=\"async\" src=\"https:\/\/casaheyne.com\/wp-content\/uploads\/2019\/12\/pool2-400x400.jpg\" alt=\"\" width=\"400\" height=\"400\" \/>\t\t\t\t\t\t<span class=\"aig-gallery-hover\">\n\t\t\t\t\t\t\t\t\t\t\t\t\t<\/span>\n\t\t\t\t\t\t\t\t\t<\/div>\n\t\t\t<\/div>\n\t\t\t\t\t<div class=\"qode-aig-image qode-item-space\">\n\t\t\t\t<div class=\"qode-aig-image-inner\">\n\t\t\t\t\t\t\t\t\t\t\t<img loading=\"lazy\" decoding=\"async\" src=\"https:\/\/casaheyne.com\/wp-content\/uploads\/2019\/11\/ext8-400x400.jpg\" alt=\"\" width=\"400\" height=\"400\" \/>\t\t\t\t\t\t<span class=\"aig-gallery-hover\">\n\t\t\t\t\t\t\t\t\t\t\t\t\t<\/span>\n\t\t\t\t\t\t\t\t\t<\/div>\n\t\t\t<\/div>\n\t\t\t\t\t<div class=\"qode-aig-image qode-item-space\">\n\t\t\t\t<div class=\"qode-aig-image-inner\">\n\t\t\t\t\t\t\t\t\t\t\t<img loading=\"lazy\" decoding=\"async\" src=\"https:\/\/casaheyne.com\/wp-content\/uploads\/2019\/11\/ceiling-400x400.jpg\" alt=\"\" width=\"400\" height=\"400\" \/>\t\t\t\t\t\t<span class=\"aig-gallery-hover\">\n\t\t\t\t\t\t\t\t\t\t\t\t\t<\/span>\n\t\t\t\t\t\t\t\t\t<\/div>\n\t\t\t<\/div>\n\t\t\t\t\t<div class=\"qode-aig-image qode-item-space\">\n\t\t\t\t<div class=\"qode-aig-image-inner\">\n\t\t\t\t\t\t\t\t\t\t\t<img loading=\"lazy\" decoding=\"async\" src=\"https:\/\/casaheyne.com\/wp-content\/uploads\/2019\/12\/fountain2-400x400.jpg\" alt=\"\" width=\"400\" height=\"400\" \/>\t\t\t\t\t\t<span class=\"aig-gallery-hover\">\n\t\t\t\t\t\t\t\t\t\t\t\t\t<\/span>\n\t\t\t\t\t\t\t\t\t<\/div>\n\t\t\t<\/div>\n\t\t\t\t\t<div class=\"qode-aig-image qode-item-space\">\n\t\t\t\t<div class=\"qode-aig-image-inner\">\n\t\t\t\t\t\t\t\t\t\t\t<img loading=\"lazy\" decoding=\"async\" src=\"https:\/\/casaheyne.com\/wp-content\/uploads\/2019\/11\/ext15-400x400.jpg\" alt=\"\" width=\"400\" height=\"400\" \/>\t\t\t\t\t\t<span class=\"aig-gallery-hover\">\n\t\t\t\t\t\t\t\t\t\t\t\t\t<\/span>\n\t\t\t\t\t\t\t\t\t<\/div>\n\t\t\t<\/div>\n\t\t\t\t\t<div class=\"qode-aig-image qode-item-space\">\n\t\t\t\t<div class=\"qode-aig-image-inner\">\n\t\t\t\t\t\t\t\t\t\t\t<img loading=\"lazy\" decoding=\"async\" src=\"https:\/\/casaheyne.com\/wp-content\/uploads\/2019\/11\/view-400x400.jpg\" alt=\"\" width=\"400\" height=\"400\" \/>\t\t\t\t\t\t<span class=\"aig-gallery-hover\">\n\t\t\t\t\t\t\t\t\t\t\t\t\t<\/span>\n\t\t\t\t\t\t\t\t\t<\/div>\n\t\t\t<\/div>\n\t\t\t<\/div>\n<\/div>[vc_empty_space height=\u00bb50px\u00bb][\/vc_column][\/vc_row][vc_row row_type=\u00bbparallax\u00bb parallax_content_width=\u00bbin_grid\u00bb text_align=\u00bbcenter\u00bb full_screen_section_height=\u00bbno\u00bb background_image=\u00bb15520&#8243; section_height=\u00bb400&#8243;][vc_column][vc_empty_space height=\u00bb50px\u00bb][vc_empty_space height=\u00bb50px\u00bb][vc_empty_space height=\u00bb50px\u00bb][vc_column_text]<\/p>\n<h3 style=\"text-align: center;\"><span style=\"color: #ffffff;\">FIELMENTE CREADA UTILIZANDO UNICAMENTE HERRAMIENTAS Y T\u00c9CNICAS DE LA EPOCA COLONIAL<\/span><\/h3>\n<p>[\/vc_column_text][\/vc_column][\/vc_row][vc_row css_animation=\u00bb\u00bb row_type=\u00bbrow\u00bb use_row_as_full_screen_section=\u00bbno\u00bb type=\u00bbfull_width\u00bb angled_section=\u00bbno\u00bb text_align=\u00bbleft\u00bb background_image_as_pattern=\u00bbwithout_pattern\u00bb][vc_column width=\u00bb2\/3&#8243;][vc_empty_space height=\u00bb50px\u00bb][\/vc_column][vc_column width=\u00bb1\/3&#8243;][\/vc_column][\/vc_row][vc_row css_animation=\u00bb\u00bb row_type=\u00bbrow\u00bb use_row_as_full_screen_section=\u00bbno\u00bb type=\u00bbfull_width\u00bb angled_section=\u00bbno\u00bb text_align=\u00bbcenter\u00bb background_image_as_pattern=\u00bbwithout_pattern\u00bb z_index=\u00bb\u00bb background_color=\u00bb#c9604d\u00bb][vc_column][vc_empty_space height=\u00bb50px\u00bb][vc_single_image image=\u00bb15578&#8243; img_size=\u00bbfull\u00bb alignment=\u00bbcenter\u00bb qode_css_animation=\u00bb\u00bb][vc_column_text]<\/p>\n<h3 style=\"text-align: center;\"><span style=\"color: #ffffff;\">LO QUE NUESTROS INVITADOS DICEN<\/span><\/h3>\n<p>[\/vc_column_text]<div class='testimonials_c_holder clearfix dark'><div class=\"testimonials_c testimonials_c_carousel\" data-show-navigation=\"yes\" data-animation-speed=\"\" data-auto-rotate-slides=\"10\" data-number-per-slide=\"1\"><ul class=\"slides\"><li id=\"testimonials-c-15566\" class=\"testimonial_content\"><div class=\"testimonial_content_inner\"><div class=\"testimonial_title_holder\"><h5>(English) Beautiful Mansion<\/h5><\/div><div class=\"testimonial_text_holder\"><div class=\"testimonial_text_inner\" style=\"\"><p><strong>HERMOSA MANSI\u00d3N<\/strong><br><br> Cada habitaci\u00f3n es \u00fanica, espaciosa y tiene vista al jard\u00edn y al jacuzzi. En pocas palabras, es una hermosa mansi\u00f3n ideal para cualquier tipo de ocasi\u00f3n.<\/p><p class=\"testimonial_author\" style=\"font-weight: 400;\">Brian<\/p><\/div><\/div><\/div><\/li><li id=\"testimonials-c-15565\" class=\"testimonial_content\"><div class=\"testimonial_content_inner\"><div class=\"testimonial_title_holder\"><h5>(English) Beyond Gorgeous<\/h5><\/div><div class=\"testimonial_text_holder\"><div class=\"testimonial_text_inner\" style=\"\"><p><strong>M\u00c1S QUE HERMOSA<\/strong><br><br> El personal de la casa es maravilloso y su comida deliciosa. P\u00eddales que hagan las galletas de mantequilla especiales. La casa es m\u00e1s que hermosa y cada habitaci\u00f3n est\u00e1 decorada a la perfecci\u00f3n.<\/p><p class=\"testimonial_author\" style=\"font-weight: 400;\">Cheryl<\/p><\/div><\/div><\/div><\/li><li id=\"testimonials-c-15567\" class=\"testimonial_content\"><div class=\"testimonial_content_inner\"><div class=\"testimonial_title_holder\"><h5>Epic Experience<\/h5><\/div><div class=\"testimonial_text_holder\"><div class=\"testimonial_text_inner\" style=\"\"><p><strong>EXPERIENCIA \u00c9PICA<\/strong><br><br> \u00c9sta casa es una obra de arte. Nunca antes he visto ni experimentado algo as\u00ed.<\/p><p class=\"testimonial_author\" style=\"font-weight: 400;\">John<\/p><\/div><\/div><\/div><\/li><\/ul><\/div><\/div>[\/vc_column][\/vc_row][vc_row css_animation=\u00bb\u00bb row_type=\u00bbrow\u00bb use_row_as_full_screen_section=\u00bbno\u00bb type=\u00bbfull_width\u00bb angled_section=\u00bbno\u00bb text_align=\u00bbleft\u00bb background_image_as_pattern=\u00bbwithout_pattern\u00bb][vc_column width=\u00bb2\/3&#8243;][vc_empty_space height=\u00bb50px\u00bb][vc_single_image image=\u00bb15563&#8243; img_size=\u00bbfull\u00bb qode_css_animation=\u00bb\u00bb][vc_empty_space height=\u00bb50px\u00bb][\/vc_column][vc_column width=\u00bb1\/3&#8243;][vc_empty_space height=\u00bb50px\u00bb][vc_empty_space height=\u00bb50px\u00bb][vc_column_text]<\/p>\n<h5 style=\"text-align: center;\">SOBRE SAN MIGUEL DE ALLENDE<\/h5>\n<p>[\/vc_column_text][vc_empty_space height=\u00bb50px\u00bb][vc_column_text]<\/p>\n<h4><em>Con sus calles empedradas, mansiones de principios de siglo y plazas acogedoras, es un destino lleno de una rica historia y magn\u00edficos lujos modernos.<\/em><\/h4>\n<h4><\/h4>\n<p>&nbsp;<\/p>\n<h4><em>No es de extra\u00f1ar que los lectores de Travel + Leisure y Cond\u00e9 Nast Traveler hayan nombrado a<br \/>\nSan Miguel de Allende el principal destino del mundo los \u00faltimos dos a\u00f1os.<\/em><\/h4>\n<p>[\/vc_column_text][\/vc_column][\/vc_row][vc_row css_animation=\u00bb\u00bb row_type=\u00bbrow\u00bb use_row_as_full_screen_section=\u00bbno\u00bb type=\u00bbfull_width\u00bb angled_section=\u00bbno\u00bb text_align=\u00bbleft\u00bb background_image_as_pattern=\u00bbwithout_pattern\u00bb][vc_column][vc_column_text][\/vc_column_text][\/vc_column][\/vc_row]<\/p>\n","protected":false},"excerpt":{"rendered":"<p>[vc_row css_animation=\u00bb\u00bb row_type=\u00bbrow\u00bb use_row_as_full_screen_section=\u00bbno\u00bb type=\u00bbgrid\u00bb angled_section=\u00bbno\u00bb text_align=\u00bbcenter\u00bb background_image_as_pattern=\u00bbwithout_pattern\u00bb padding_bottom=\u00bb65&#8243;][vc_column offset=\u00bbvc_col-lg-offset-2 vc_col-lg-8 vc_col-md-offset-1 vc_col-md-10&#8243;][vc_separator type=\u00bbtransparent\u00bb up=\u00bb23&#8243; down=\u00bb0&#8243;][vc_column_text] UNA OBRA MAESTRA ARTESANAL [\/vc_column_text][vc_separator type=\u00bbtransparent\u00bb up=\u00bb15&#8243; down=\u00bb0&#8243;][vc_column_text] Dise\u00f1ada por el renombrado arquitecto San Miguelense, Pedro Urquiza, Casa Heyne es verdaderamente una de las m\u00e1s grandiosas y hermosas propiedades&#8230;<\/p>\n","protected":false},"author":11,"featured_media":0,"parent":0,"menu_order":0,"comment_status":"open","ping_status":"open","template":"full_width.php","meta":{"footnotes":""},"class_list":["post-15255","page","type-page","status-publish","hentry"],"_links":{"self":[{"href":"https:\/\/casaheyne.com\/es\/wp-json\/wp\/v2\/pages\/15255","targetHints":{"allow":["GET"]}}],"collection":[{"href":"https:\/\/casaheyne.com\/es\/wp-json\/wp\/v2\/pages"}],"about":[{"href":"https:\/\/casaheyne.com\/es\/wp-json\/wp\/v2\/types\/page"}],"author":[{"embeddable":true,"href":"https:\/\/casaheyne.com\/es\/wp-json\/wp\/v2\/users\/11"}],"replies":[{"embeddable":true,"href":"https:\/\/casaheyne.com\/es\/wp-json\/wp\/v2\/comments?post=15255"}],"version-history":[{"count":10,"href":"https:\/\/casaheyne.com\/es\/wp-json\/wp\/v2\/pages\/15255\/revisions"}],"predecessor-version":[{"id":15939,"href":"https:\/\/casaheyne.com\/es\/wp-json\/wp\/v2\/pages\/15255\/revisions\/15939"}],"wp:attachment":[{"href":"https:\/\/casaheyne.com\/es\/wp-json\/wp\/v2\/media?parent=15255"}],"curies":[{"name":"wp","href":"https:\/\/api.w.org\/{rel}","templated":true}]}}