{"id":15317,"date":"2015-04-14T09:54:45","date_gmt":"2015-04-14T09:54:45","guid":{"rendered":"http:\/\/demo.qodeinteractive.com\/bridge71\/?page_id=15317"},"modified":"2019-12-15T15:20:30","modified_gmt":"2019-12-15T15:20:30","slug":"about-us","status":"publish","type":"page","link":"https:\/\/casaheyne.com\/es\/about-us\/","title":{"rendered":"Acerca de la Casa"},"content":{"rendered":"<p>[vc_row css_animation=\u00bb\u00bb row_type=\u00bbrow\u00bb use_row_as_full_screen_section=\u00bbno\u00bb type=\u00bbgrid\u00bb angled_section=\u00bbno\u00bb text_align=\u00bbcenter\u00bb background_image_as_pattern=\u00bbwithout_pattern\u00bb padding_bottom=\u00bb60&#8243; padding_top=\u00bb65&#8243;][vc_column offset=\u00bbvc_col-lg-offset-2 vc_col-lg-8 vc_col-md-offset-1 vc_col-md-10&#8243;][vc_single_image image=\u00bb15477&#8243; img_size=\u00bbmedium\u00bb alignment=\u00bbcenter\u00bb qode_css_animation=\u00bb\u00bb][vc_separator type=\u00bbtransparent\u00bb up=\u00bb23&#8243; down=\u00bb0&#8243;][vc_column_text]<\/p>\n<h3 style=\"text-align: center;\">CARACTER\u00cdSTICAS DESTACADAS<\/h3>\n<p>[\/vc_column_text][vc_separator type=\u00bbtransparent\u00bb up=\u00bb15&#8243; down=\u00bb0&#8243;][vc_column_text]<\/p>\n<h4 style=\"text-align: justify;\">Casa Heyne, una obra maestra colonial, amueblada de manera elegante y c\u00f3moda cuenta con personal de tiempo completo proporcionando una base ideal para experimentar el verdadero lujo de esta joya colonial, San Miguel de Allende. Ubicada en un fraccionamiento cerrado, a tan solo 10 minutos caminando al centro. La casa est\u00e1 dise\u00f1ada para que los hu\u00e9spedes puedan disfrutar de las temperaturas primaverales durante todo el a\u00f1o con sus espacios de interior y exterior.<\/h4>\n<p>[\/vc_column_text][\/vc_column][\/vc_row][vc_row css_animation=\u00bb\u00bb row_type=\u00bbrow\u00bb use_row_as_full_screen_section=\u00bbno\u00bb type=\u00bbgrid\u00bb angled_section=\u00bbno\u00bb text_align=\u00bbleft\u00bb background_image_as_pattern=\u00bbwithout_pattern\u00bb padding_bottom=\u00bb30&#8243; z_index=\u00bb\u00bb][vc_column width=\u00bb1\/2&#8243;][vc_column_text]<\/p>\n<h5 style=\"text-align: left;\">INTERIOR<\/h5>\n<p>[\/vc_column_text][vc_column_text]<\/p>\n<h4 style=\"text-align: left;\">Casa Heyne ha sido cuidadosa y exquisitamente decorada a lo largo de los a\u00f1os con muebles y\u00a0accesorios de todo el mundo.<\/h4>\n<p>[\/vc_column_text][vc_separator type=\u00bbtransparent\u00bb up=\u00bb15&#8243; down=\u00bb0&#8243;][vc_column_text]<\/p>\n<ul>\n<li>La gran sala, elegantemente decorada, tiene vigas de 15 metros en el techo t chimenea de\u00a0cantera.<\/li>\n<li>El cuarto de juegos incluye una mesa de p\u00f3ker, mesa de billar y una gran televisi\u00f3n.<\/li>\n<li>Un bar completo adjunto a la gran sala provee otro buen espacio para el entretenimiento.<\/li>\n<li>La cocina es una obra de arte en mosaico. Se utilizaron trece patrones diferentes de mosaico\u00a0para decorar la inmensa habitaci\u00f3n de dos b\u00f3vedas<\/li>\n<li>Los servicios incluyen: un sistema de m\u00fasica central, m\u00e1quina de fax y WiFi, dos televisiones\u00a0con sat\u00e9lite y agua purificada en toda la casa.<\/li>\n<\/ul>\n<p>[\/vc_column_text][vc_separator type=\u00bbtransparent\u00bb up=\u00bb20&#8243; down=\u00bb0&#8243;][\/vc_column][vc_column width=\u00bb1\/2&#8243;][vc_gallery type=\u00bbimage_grid\u00bb images=\u00bb15551,15550,15401,15552&#8243; img_size=\u00bbfull\u00bb onclick=\u00bb\u00bb column_number=\u00bb2&#8243; grayscale=\u00bbno\u00bb images_space=\u00bbgallery_with_space\u00bb][\/vc_column][\/vc_row][vc_row css_animation=\u00bb\u00bb row_type=\u00bbrow\u00bb use_row_as_full_screen_section=\u00bbno\u00bb type=\u00bbgrid\u00bb angled_section=\u00bbno\u00bb text_align=\u00bbleft\u00bb background_image_as_pattern=\u00bbwithout_pattern\u00bb padding_bottom=\u00bb30&#8243; z_index=\u00bb\u00bb][vc_column width=\u00bb1\/2&#8243;][vc_gallery type=\u00bbimage_grid\u00bb images=\u00bb15547,15543,15537,15588&#8243; img_size=\u00bbfull\u00bb onclick=\u00bb\u00bb column_number=\u00bb2&#8243; grayscale=\u00bbno\u00bb images_space=\u00bbgallery_with_space\u00bb][\/vc_column][vc_column width=\u00bb1\/2&#8243;][vc_column_text]<\/p>\n<h5 style=\"text-align: left;\">ESPACIOS AL AIRE LIBRE<\/h5>\n<p>[\/vc_column_text][vc_column_text]<\/p>\n<h4 style=\"text-align: left;\">Casa Heyne est\u00e1 construida alrededor de un exuberante jard\u00edn con un estanque koi, cascada y una peque\u00f1a alberca de hidromasaje.<\/h4>\n<p>[\/vc_column_text][vc_separator type=\u00bbtransparent\u00bb up=\u00bb15&#8243; down=\u00bb0&#8243;][vc_column_text]<\/p>\n<ul>\n<li>Patio y jard\u00edn delantero con vista a la Parroquia.<\/li>\n<li>Caminos y escaleras que llevan a los ocho diferentes jardines y patios para disfrutar de las\u00a0vistas del atardecer, de la alberca o para disfrutar de un momento tranquilo.<\/li>\n<li>Hamacas y asientos para tomar el sol, leer o para relajarse y disfrutar la vista.<\/li>\n<li>Jaulas de p\u00e1jaros parecidas a las diferentes iglesias, llenas de periquitos y canarios.<\/li>\n<li>Cuatro fuentes<\/li>\n<li>Varios lugares para sentarse al aire libre, para leer y relajarse.<\/li>\n<li>Dos chimeneas de le\u00f1a<\/li>\n<\/ul>\n<p>[\/vc_column_text][vc_separator type=\u00bbtransparent\u00bb up=\u00bb20&#8243; down=\u00bb0&#8243;][\/vc_column][\/vc_row][vc_row css_animation=\u00bb\u00bb row_type=\u00bbrow\u00bb use_row_as_full_screen_section=\u00bbno\u00bb type=\u00bbgrid\u00bb angled_section=\u00bbno\u00bb text_align=\u00bbcenter\u00bb background_image_as_pattern=\u00bbwithout_pattern\u00bb padding_bottom=\u00bb30&#8243;][vc_column width=\u00bb1\/2&#8243;][vc_column_text]<\/p>\n<h5 style=\"text-align: left;\">OPCIONES PARA COMER<\/h5>\n<p>[\/vc_column_text][vc_column_text]<\/p>\n<h4 style=\"text-align: left;\">El comedor interior cuenta con una gran chimenea, frescos pintados a mano y un techo de b\u00f3veda, dise\u00f1ada ac\u00fasticamente para mantener la conversaci\u00f3n de la cena modulada alrededor\u00a0de la mesa. El comedor al aire libre ofrece lugar para 10 comensales y hay varias \u00e1reas \u00edntimas para comidas privadas, tomar caf\u00e9 o c\u00f3cteles por la noche.<\/h4>\n<p>[\/vc_column_text][vc_separator type=\u00bbtransparent\u00bb up=\u00bb15&#8243; down=\u00bb0&#8243;][vc_column_text]<\/p>\n<ul>\n<li style=\"text-align: left;\">Nuestro personal prepara y sirve el desayuno de lunes a s\u00e1bado.<\/li>\n<li style=\"text-align: left;\">La comida se sirve de lunes a viernes.<\/li>\n<li style=\"text-align: left;\">Ocasionalmente se puede sustituir la comida por la cena durante su estad\u00eda.<\/li>\n<\/ul>\n<p>[\/vc_column_text][vc_separator type=\u00bbtransparent\u00bb up=\u00bb20&#8243; down=\u00bb0&#8243;][\/vc_column][vc_column width=\u00bb1\/2&#8243;][vc_gallery type=\u00bbimage_grid\u00bb images=\u00bb15531,15532,15534,15533&#8243; img_size=\u00bbfull\u00bb onclick=\u00bb\u00bb column_number=\u00bb2&#8243; grayscale=\u00bbno\u00bb images_space=\u00bbgallery_with_space\u00bb][\/vc_column][\/vc_row][vc_row css_animation=\u00bb\u00bb row_type=\u00bbrow\u00bb use_row_as_full_screen_section=\u00bbno\u00bb type=\u00bbgrid\u00bb angled_section=\u00bbno\u00bb text_align=\u00bbcenter\u00bb background_image_as_pattern=\u00bbwithout_pattern\u00bb padding_bottom=\u00bb60&#8243; padding_top=\u00bb65&#8243;][vc_column offset=\u00bbvc_col-lg-offset-2 vc_col-lg-8 vc_col-md-offset-1 vc_col-md-10&#8243;][vc_single_image image=\u00bb15477&#8243; img_size=\u00bbmedium\u00bb alignment=\u00bbcenter\u00bb qode_css_animation=\u00bb\u00bb][vc_separator type=\u00bbtransparent\u00bb up=\u00bb23&#8243; down=\u00bb0&#8243;][vc_column_text]<\/p>\n<h3 style=\"text-align: center;\">Nuestro personal<\/h3>\n<p>[\/vc_column_text][vc_separator type=\u00bbtransparent\u00bb up=\u00bb15&#8243; down=\u00bb0&#8243;][vc_separator type=\u00bbtransparent\u00bb up=\u00bb15&#8243; down=\u00bb0&#8243;][vc_row_inner row_type=\u00bbrow\u00bb type=\u00bbfull_width\u00bb text_align=\u00bbleft\u00bb css_animation=\u00bb\u00bb][vc_column_inner width=\u00bb1\/2&#8243;][vc_single_image image=\u00bb15590&#8243; img_size=\u00bbfull\u00bb qode_css_animation=\u00bb\u00bb][\/vc_column_inner][vc_column_inner width=\u00bb1\/2&#8243;][vc_empty_space height=\u00bb50px\u00bb][vc_column_text]<\/p>\n<h5 style=\"text-align: left;\">EQUIPO PROFESIONAL<\/h5>\n<p>[\/vc_column_text][vc_column_text]<\/p>\n<h4 style=\"text-align: left;\">Seis miembros del personal trabajan en el lugar para garantizar que su estad\u00eda sea lo mejor posible.<\/h4>\n<p>[\/vc_column_text][vc_separator type=\u00bbtransparent\u00bb up=\u00bb15&#8243; down=\u00bb0&#8243;][vc_column_text]<\/p>\n<ul>\n<li style=\"text-align: left;\"><strong>El concierge biling\u00fce<\/strong>, Ra\u00fal ofrece servicios de conserjer\u00eda para los hu\u00e9spedes.<\/li>\n<li style=\"text-align: left;\"><strong>La chef personal<\/strong>, Lorena, ofrece desayuno de lunes a s\u00e1bado y almuerzo de lunes a viernes.<\/li>\n<li style=\"text-align: left;\"><strong>Otros miembros<\/strong> del personal se encargan del jard\u00edn, lavander\u00eda, limpieza y servicio de comidas.<\/li>\n<li style=\"text-align: left;\"><strong>Velador<\/strong> en la entrada principal entre semana 7 p.m. a 7 a.m y 24\/7 en las fin de semanas.<\/li>\n<\/ul>\n<p>[\/vc_column_text][\/vc_column_inner][\/vc_row_inner][\/vc_column][\/vc_row]<\/p>\n","protected":false},"excerpt":{"rendered":"<p>[vc_row css_animation=\u00bb\u00bb row_type=\u00bbrow\u00bb use_row_as_full_screen_section=\u00bbno\u00bb type=\u00bbgrid\u00bb angled_section=\u00bbno\u00bb text_align=\u00bbcenter\u00bb background_image_as_pattern=\u00bbwithout_pattern\u00bb padding_bottom=\u00bb60&#8243; padding_top=\u00bb65&#8243;][vc_column offset=\u00bbvc_col-lg-offset-2 vc_col-lg-8 vc_col-md-offset-1 vc_col-md-10&#8243;][vc_single_image image=\u00bb15477&#8243; img_size=\u00bbmedium\u00bb alignment=\u00bbcenter\u00bb qode_css_animation=\u00bb\u00bb][vc_separator type=\u00bbtransparent\u00bb up=\u00bb23&#8243; down=\u00bb0&#8243;][vc_column_text] CARACTER\u00cdSTICAS DESTACADAS [\/vc_column_text][vc_separator type=\u00bbtransparent\u00bb up=\u00bb15&#8243; down=\u00bb0&#8243;][vc_column_text] Casa Heyne, una obra maestra colonial, amueblada de manera elegante y c\u00f3moda cuenta con personal de tiempo completo&#8230;<\/p>\n","protected":false},"author":11,"featured_media":0,"parent":0,"menu_order":0,"comment_status":"open","ping_status":"open","template":"full_width.php","meta":{"footnotes":""},"class_list":["post-15317","page","type-page","status-publish","hentry"],"_links":{"self":[{"href":"https:\/\/casaheyne.com\/es\/wp-json\/wp\/v2\/pages\/15317","targetHints":{"allow":["GET"]}}],"collection":[{"href":"https:\/\/casaheyne.com\/es\/wp-json\/wp\/v2\/pages"}],"about":[{"href":"https:\/\/casaheyne.com\/es\/wp-json\/wp\/v2\/types\/page"}],"author":[{"embeddable":true,"href":"https:\/\/casaheyne.com\/es\/wp-json\/wp\/v2\/users\/11"}],"replies":[{"embeddable":true,"href":"https:\/\/casaheyne.com\/es\/wp-json\/wp\/v2\/comments?post=15317"}],"version-history":[{"count":10,"href":"https:\/\/casaheyne.com\/es\/wp-json\/wp\/v2\/pages\/15317\/revisions"}],"predecessor-version":[{"id":15901,"href":"https:\/\/casaheyne.com\/es\/wp-json\/wp\/v2\/pages\/15317\/revisions\/15901"}],"wp:attachment":[{"href":"https:\/\/casaheyne.com\/es\/wp-json\/wp\/v2\/media?parent=15317"}],"curies":[{"name":"wp","href":"https:\/\/api.w.org\/{rel}","templated":true}]}}