{"id":15465,"date":"2019-11-21T04:03:39","date_gmt":"2019-11-21T04:03:39","guid":{"rendered":"https:\/\/casaheyne.com\/?page_id=15465"},"modified":"2026-02-12T13:35:46","modified_gmt":"2026-02-12T19:35:46","slug":"rates-availability","status":"publish","type":"page","link":"https:\/\/casaheyne.com\/es\/rates-availability\/","title":{"rendered":"Tarifas"},"content":{"rendered":"<p>[vc_row css_animation=\u00bb\u00bb row_type=\u00bbrow\u00bb use_row_as_full_screen_section=\u00bbno\u00bb type=\u00bbfull_width\u00bb angled_section=\u00bbno\u00bb text_align=\u00bbleft\u00bb background_image_as_pattern=\u00bbwithout_pattern\u00bb][vc_column][vc_column_text][\/vc_column_text][\/vc_column][\/vc_row][vc_row css_animation=\u00bb\u00bb row_type=\u00bbrow\u00bb use_row_as_full_screen_section=\u00bbno\u00bb type=\u00bbfull_width\u00bb angled_section=\u00bbno\u00bb text_align=\u00bbleft\u00bb background_image_as_pattern=\u00bbwithout_pattern\u00bb][vc_column][vc_column_text][\/vc_column_text][\/vc_column][\/vc_row][vc_row css_animation=\u00bb\u00bb row_type=\u00bbrow\u00bb use_row_as_full_screen_section=\u00bbno\u00bb type=\u00bbgrid\u00bb angled_section=\u00bbno\u00bb text_align=\u00bbcenter\u00bb background_image_as_pattern=\u00bbwithout_pattern\u00bb padding_bottom=\u00bb60&#8243; padding_top=\u00bb65&#8243;][vc_column offset=\u00bbvc_col-lg-offset-2 vc_col-lg-8 vc_col-md-offset-1 vc_col-md-10&#8243;][vc_single_image image=\u00bb15477&#8243; img_size=\u00bbmedium\u00bb alignment=\u00bbcenter\u00bb qode_css_animation=\u00bb\u00bb][vc_separator type=\u00bbtransparent\u00bb up=\u00bb23&#8243; down=\u00bb0&#8243;][vc_column_text]<\/p>\n<h3 style=\"text-align: center;\">Tarifas<\/h3>\n<p>[\/vc_column_text][vc_column_text]<\/p>\n<h4 style=\"text-align: center;\">Casa para Vacacionar de 6 recamaras y 8 ba\u00f1os<\/h4>\n<h4 style=\"text-align: center;\">12 personas<\/h4>\n<h4 style=\"text-align: center;\">Servicio de personal incluido<\/h4>\n<p>[\/vc_column_text][vc_separator type=\u00bbtransparent\u00bb up=\u00bb15&#8243; down=\u00bb0&#8243;][vc_separator type=\u00bbtransparent\u00bb up=\u00bb15&#8243; down=\u00bb0&#8243;][vc_row_inner row_type=\u00bbrow\u00bb type=\u00bbfull_width\u00bb text_align=\u00bbleft\u00bb css_animation=\u00bb\u00bb][vc_column_inner width=\u00bb1\/2&#8243;][vc_column_text]<\/p>\n<h5><strong>TEMPORADA REGULAR<\/strong><\/h5>\n<p>Estad\u00eda m\u00ednima de 3 noches<\/p>\n<ul>\n<li>$ 2,200usd por noche<\/li>\n<li>$ 12,600usd por semana<\/li>\n<li><\/li>\n<\/ul>\n<p>[\/vc_column_text][vc_separator type=\u00bbsmall\u00bb position=\u00bbcenter\u00bb][vc_column_text]<\/p>\n<h5><strong>TEMPORADA ALTA<\/strong><\/h5>\n<p>Estad\u00eda m\u00ednima 1 de semana<\/p>\n<ul>\n<li>$ 14,800usd por semana<\/li>\n<\/ul>\n<p>[\/vc_column_text][vc_empty_space]<a  itemprop=\"url\" href=\"https:\/\/casaheyne.com\/en\/contact-us\" target=\"_self\"  class=\"qbutton  default\" style=\"\">RESERVA AHORA<\/a>[vc_empty_space][\/vc_column_inner][vc_column_inner width=\u00bb1\/2&#8243;][vc_column_text]<\/p>\n<h5><strong>CUOTOS ADICIONALES<\/strong><\/h5>\n<ul>\n<li>Propinas para el personal: $ 100 por habitaci\u00f3n utilizada<\/li>\n<li>Comida y alcohol<\/li>\n<li>Uso de gas por encima del consumo normal para la alberca.<\/li>\n<li>Le\u00f1a para las chimeneas<\/li>\n<\/ul>\n<p>&nbsp;<\/p>\n<h5><strong>PAGO<\/strong><\/h5>\n<p>Dep\u00f3sito del 50% del total a depositarse al reservar la propiedad, y el saldo restante a liquidarse 45 d\u00edas antes de la llegada. Para las reservas realizadas dentro de los 45 d\u00edas, el pago total se debe al momento de la solicitud de reserva.<br \/>\n[\/vc_column_text][\/vc_column_inner][\/vc_row_inner][\/vc_column][\/vc_row][vc_row css_animation=\u00bb\u00bb row_type=\u00bbrow\u00bb use_row_as_full_screen_section=\u00bbno\u00bb type=\u00bbgrid\u00bb angled_section=\u00bbno\u00bb text_align=\u00bbcenter\u00bb background_image_as_pattern=\u00bbwithout_pattern\u00bb padding_bottom=\u00bb60&#8243; padding_top=\u00bb65&#8243; z_index=\u00bb\u00bb][vc_column offset=\u00bbvc_col-lg-offset-2 vc_col-lg-8 vc_col-md-offset-1 vc_col-md-10&#8243;][vc_single_image image=\u00bb15477&#8243; img_size=\u00bbmedium\u00bb alignment=\u00bbcenter\u00bb qode_css_animation=\u00bb\u00bb][vc_separator type=\u00bbtransparent\u00bb up=\u00bb23&#8243; down=\u00bb0&#8243;][vc_column_text]<\/p>\n<h3 style=\"text-align: center;\">Calendario<\/h3>\n<div class='wpbc_only_calendar wpbc_container'><div id='calendar_booking_unselectable1'><\/div><span ><div style=\"clear:both;height:10px;\"><\/div><div class=\"wpbc_calendar_wraper wpbc_change_over_triangle wpbc_calendar_skin_legacy\"><style type=\"text\/css\" rel=\"stylesheet\" >.hasDatepick .datepick-inline .datepick-title-row th,.hasDatepick .datepick-inline .datepick-days-cell,.hasDatepick .datepick-inline .wpbc-cell-box{ max-height: 40px; }<\/style><div class=\"wpbc_cal_container bk_calendar_frame months_num_in_row_2 cal_month_num_2 wpbc_timeslot_day_bg_as_available\" style=\"width:100%;max-width:700px;\"><div id=\"calendar_booking1\"  class=\"wpbc_calendar_id_1\" >\t<style id=\"wpbc_calendar_loader_inline_css\">\r\n\t\t\/* Critical loader styles (scoped by class names) *\/\r\n\t\t.calendar_loader_frame {\r\n\t\t\twidth: calc(341px * var(--wpbc-loader-cols, 1));\r\n\t\t\tmax-width: 100%;\r\n\t\t\theight: 307px;\r\n\t\t\tdisplay: flex;\r\n\t\t\tflex-flow: column nowrap;\r\n\t\t\talign-items: center;\r\n\t\t\tjustify-content: center;\r\n\t\t\tborder-radius: 5px;\r\n\t\t\tbox-shadow: 0 0 2px #ccc;\r\n\t\t\tgap: 15px;\r\n\t\t\t\/* Calendar variables (safe fallbacks) *\/\r\n\t\t\tcolor: var(--wpbc_cal-available-text-color, #2c3e50);\r\n\t\t\tbackground: rgb(from var(--wpbc_cal-available-day-color, #e6f2ff) r g b \/ var(--wpbc_cal-day-bg-color-opacity, 1));\r\n\t\t\tborder: var(--wpbc_cal-day-cell-border-width, 1px) solid var(--wpbc_cal-available-day-color, #aacbeb);\r\n\t\t}\r\n\t\t.calendar_loader_text {\r\n\t\t\tfont-size: 18px;\r\n\t\t\ttext-align: center;\r\n\t\t}\r\n\t\t.calendar_loader_frame__progress_line_container {\r\n\t\t\twidth: 50%;\r\n\t\t\theight: 3px;\r\n\t\t\tmargin-top: 7px;\r\n\t\t\toverflow: hidden;\r\n\t\t\tbackground: #202020;\r\n\t\t\tborder-radius: 30px;\r\n\t\t}\r\n\t\t.calendar_loader_frame__progress_line {\r\n\t\t\twidth: 0%;\r\n\t\t\theight: 3px;\r\n\t\t\tbackground: #8ECE01;\r\n\t\t\tborder-radius: 30px;\r\n\t\t\tanimation: calendar_loader_bar_progress 3s infinite linear;\r\n\t\t}\r\n\t\t@keyframes calendar_loader_bar_progress {\r\n\t\t\tto {\r\n\t\t\t\twidth: 100%;\r\n\t\t\t}\r\n\t\t}\r\n\t\t@media (prefers-reduced-motion: reduce) {\r\n\t\t\t.calendar_loader_frame__progress_line {\r\n\t\t\t\tanimation: none;\r\n\t\t\t\twidth: 50%;\r\n\t\t\t}\r\n\t\t}\r\n\t<\/style>\r\n\t\t<div class=\"calendar_loader_frame calendar_loader_frame1\"\r\n\t\tdata-wpbc-rid=\"1\"\r\n\t\tdata-wpbc-grace=\"8000\"\r\n\t\tstyle=\"--wpbc-loader-cols: 2;\"\r\n\t>\r\n\t\t<div class=\"calendar_loader_text\">Cargando...<\/div>\r\n\t\t<div class=\"calendar_loader_frame__progress_line_container\">\r\n\t\t\t<div class=\"calendar_loader_frame__progress_line\"><\/div>\r\n\t\t<\/div>\r\n\t<\/div>\r\n\t<\/div><\/div><textarea id=\"date_booking1\" name=\"date_booking1\" autocomplete=\"off\" style=\"display:none;\"><\/textarea><div class=\"block_hints datepick \"><div class=\"wpdev_hint_with_text\"><div class=\"\"><div class=\"datepick-inline wpbc_calendar_legend_table_width_height\"><table class=\"datepick wpbc_calendar\" style=\"\"><tbody><tr><td class=\"datepick-days-cell date_available wpbc_calendar_legend_day_cell_height\"><div class=\"wpbc-cell-box\">\t<div class=\"date-cell-content\">\t\t<div class=\"date-content-top\"><\/div>\t\t<a>&nbsp;<\/a>\t\t<div class=\"date-content-bottom\"><\/div>\t<\/div><\/div><\/td><\/tr><\/tbody><\/table><\/div><\/div><div class=\"block_text\">- <\/div><div class=\"block_text\">Available<\/div><\/div><div class=\"wpdev_hint_with_text\"><div class=\"\"><div class=\"datepick-inline wpbc_calendar_legend_table_width_height\"><table class=\"datepick wpbc_calendar\" style=\"\"><tbody><tr><td class=\"datepick-days-cell datepick-unselectable date_user_unavailable full_day_booking date_approved wpbc_calendar_legend_day_cell_height\"><div class=\"wpbc-cell-box\">\t<div class=\"date-cell-content\">\t\t<div class=\"date-content-top\"><\/div>\t\t<span>&nbsp;<\/span>\t\t<div class=\"date-content-bottom\"><\/div>\t<\/div><\/div><\/td><\/tr><\/tbody><\/table><\/div><\/div><div class=\"block_text\">- <\/div><div class=\"block_text\">Booked<\/div><\/div><div class=\"wpdev_hint_with_text\"><div class=\"\"><span class=\" wpbc_timeslot_day_bg_as_available wpbc_change_over_triangle\"><div class=\"datepick-inline wpbc_calendar_legend_table_width_height\"><table class=\"datepick wpbc_calendar\" style=\"\"><tbody><tr><td class=\"datepick-days-cell date_available date2approve timespartly times_clock wpbc_calendar_legend_day_cell_height\"><div class=\"wpbc-cell-box\">\t<div class=\"wpbc-diagonal-el\">\t\t<div class=\"wpbc-co-out\"><svg height=\"100%\" width=\"100%\" viewBox=\"0 0 100 100\" preserveAspectRatio=\"none\"><polygon points=\"0,0 0,99 99,0\"><\/polygon><polygon points=\"0,0 0,100 49,100 49,0\"><\/polygon><\/svg><\/div>\t\t<div class=\"wpbc-co-in\"><svg height=\"100%\" width=\"100%\" viewBox=\"0 0 98 98\" preserveAspectRatio=\"none\"><polygon points=\"0,99 99,99 99,0\"><\/polygon><polygon points=\"50,98 98,98 98,0 50,0\"><\/polygon><\/svg><\/div>\t<\/div>\t<div class=\"date-cell-content\">\t\t<div class=\"date-content-top\"><div class=\"wpbc_time_dots\">\u00b7<\/div><\/div>\t\t<a>&nbsp;<\/a>\t\t<div class=\"date-content-bottom\"><\/div>\t<\/div><\/div><\/td><\/tr><\/tbody><\/table><\/div><\/span><\/div><div class=\"block_text\">- <\/div><div class=\"block_text\">Partially booked<\/div><\/div><\/div><\/div> <script type=\"text\/javascript\"> (function() { var a = setInterval( function() {  if ( ( 'undefined' === typeof _wpbc ) || ( 'undefined' === typeof jQuery ) || ! window.jQuery ) { return; } clearInterval( a ); jQuery( document ).ready( function (){ _wpbc.balancer__set_max_threads( 3 );  _wpbc.calendar__set_param_value( 1 , 'calendar_scroll_to' , false );  _wpbc.calendar__set_param_value( 1 , 'calendar_dates_start' , '' );  _wpbc.calendar__set_param_value( 1 , 'calendar_dates_end' , '' );  _wpbc.calendar__set_param_value( 1 , 'booking_max_monthes_in_calendar' , '1y' );  _wpbc.calendar__set_param_value( 1 , 'booking_start_day_weeek' , '0' );  _wpbc.calendar__set_param_value( 1 , 'calendar_number_of_months' , '2' );   _wpbc.calendar__set_param_value( 1, 'days_select_mode', 'multiple' );   _wpbc.calendar__set_param_value( 1, 'fixed__days_num', 0 );   _wpbc.calendar__set_param_value( 1, 'fixed__week_days__start',   [] );   _wpbc.calendar__set_param_value( 1, 'dynamic__days_min', 0 );   _wpbc.calendar__set_param_value( 1, 'dynamic__days_max', 0 );   _wpbc.calendar__set_param_value( 1, 'dynamic__days_specific',    [] );   _wpbc.calendar__set_param_value( 1, 'dynamic__week_days__start', [] );   _wpbc.calendar__set_param_value( 1, 'booking_date_format', 'F j, Y' );   _wpbc.calendar__set_param_value( 1, 'booking_time_format', 'g:i a' );   if ( 'function' === typeof ( wpbc__conditions__SAVE_INITIAL__days_selection_params__bm ) ){ wpbc__conditions__SAVE_INITIAL__days_selection_params__bm( 1 ); }   wpbc_calendar_show( '1' );   _wpbc.set_secure_param( 'nonce',   '87a18adf7f' );   _wpbc.set_secure_param( 'user_id', '0' );   _wpbc.set_secure_param( 'locale',  'es_ES' );  wpbc_calendar__load_data__ajx( {\"resource_id\":1,\"booking_hash\":\"\",\"request_uri\":\"\\\/es\\\/wp-json\\\/wp\\\/v2\\\/pages\\\/15465\",\"custom_form\":\"standard\",\"aggregate_resource_id_str\":\"\",\"aggregate_type\":\"all\"} ); } ); }, 500 ); })();<\/script><\/span><\/div><br \/>\n[\/vc_column_text][vc_separator type=\u00bbtransparent\u00bb up=\u00bb15&#8243; down=\u00bb0&#8243;][\/vc_column][\/vc_row][vc_row css_animation=\u00bb\u00bb row_type=\u00bbrow\u00bb use_row_as_full_screen_section=\u00bbno\u00bb type=\u00bbgrid\u00bb angled_section=\u00bbno\u00bb text_align=\u00bbcenter\u00bb background_image_as_pattern=\u00bbwithout_pattern\u00bb padding_bottom=\u00bb60&#8243; padding_top=\u00bb65&#8243; z_index=\u00bb\u00bb][vc_column offset=\u00bbvc_col-lg-offset-2 vc_col-lg-8 vc_col-md-offset-1 vc_col-md-10&#8243;][vc_single_image image=\u00bb15477&#8243; img_size=\u00bbmedium\u00bb alignment=\u00bbcenter\u00bb qode_css_animation=\u00bb\u00bb][vc_separator type=\u00bbtransparent\u00bb up=\u00bb23&#8243; down=\u00bb0&#8243;][vc_column_text]<\/p>\n<h3 style=\"text-align: center;\">Calendario<\/h3>\n<div class='wpbc_only_calendar wpbc_container'><div id='calendar_booking_unselectable1'><\/div><span ><div style=\"clear:both;height:10px;\"><\/div><div class=\"wpbc_calendar_wraper wpbc_change_over_triangle wpbc_calendar_skin_legacy\"><style type=\"text\/css\" rel=\"stylesheet\" >.hasDatepick .datepick-inline .datepick-title-row th,.hasDatepick .datepick-inline .datepick-days-cell,.hasDatepick .datepick-inline .wpbc-cell-box{ max-height: 40px; }<\/style><div class=\"wpbc_cal_container bk_calendar_frame months_num_in_row_2 cal_month_num_2 wpbc_timeslot_day_bg_as_available\" style=\"width:100%;max-width:700px;\"><div id=\"calendar_booking1\"  class=\"wpbc_calendar_id_1\" >\t<div class=\"calendar_loader_frame calendar_loader_frame1\"\r\n\t\tdata-wpbc-rid=\"1\"\r\n\t\tdata-wpbc-grace=\"8000\"\r\n\t\tstyle=\"--wpbc-loader-cols: 2;\"\r\n\t>\r\n\t\t<div class=\"calendar_loader_text\">Cargando...<\/div>\r\n\t\t<div class=\"calendar_loader_frame__progress_line_container\">\r\n\t\t\t<div class=\"calendar_loader_frame__progress_line\"><\/div>\r\n\t\t<\/div>\r\n\t<\/div>\r\n\t<\/div><\/div><textarea id=\"date_booking1\" name=\"date_booking1\" autocomplete=\"off\" style=\"display:none;\"><\/textarea><div class=\"block_hints datepick \"><div class=\"wpdev_hint_with_text\"><div class=\"\"><div class=\"datepick-inline wpbc_calendar_legend_table_width_height\"><table class=\"datepick wpbc_calendar\" style=\"\"><tbody><tr><td class=\"datepick-days-cell date_available wpbc_calendar_legend_day_cell_height\"><div class=\"wpbc-cell-box\">\t<div class=\"date-cell-content\">\t\t<div class=\"date-content-top\"><\/div>\t\t<a>&nbsp;<\/a>\t\t<div class=\"date-content-bottom\"><\/div>\t<\/div><\/div><\/td><\/tr><\/tbody><\/table><\/div><\/div><div class=\"block_text\">- <\/div><div class=\"block_text\">Available<\/div><\/div><div class=\"wpdev_hint_with_text\"><div class=\"\"><div class=\"datepick-inline wpbc_calendar_legend_table_width_height\"><table class=\"datepick wpbc_calendar\" style=\"\"><tbody><tr><td class=\"datepick-days-cell datepick-unselectable date_user_unavailable full_day_booking date_approved wpbc_calendar_legend_day_cell_height\"><div class=\"wpbc-cell-box\">\t<div class=\"date-cell-content\">\t\t<div class=\"date-content-top\"><\/div>\t\t<span>&nbsp;<\/span>\t\t<div class=\"date-content-bottom\"><\/div>\t<\/div><\/div><\/td><\/tr><\/tbody><\/table><\/div><\/div><div class=\"block_text\">- <\/div><div class=\"block_text\">Booked<\/div><\/div><div class=\"wpdev_hint_with_text\"><div class=\"\"><span class=\" wpbc_timeslot_day_bg_as_available wpbc_change_over_triangle\"><div class=\"datepick-inline wpbc_calendar_legend_table_width_height\"><table class=\"datepick wpbc_calendar\" style=\"\"><tbody><tr><td class=\"datepick-days-cell date_available date2approve timespartly times_clock wpbc_calendar_legend_day_cell_height\"><div class=\"wpbc-cell-box\">\t<div class=\"wpbc-diagonal-el\">\t\t<div class=\"wpbc-co-out\"><svg height=\"100%\" width=\"100%\" viewBox=\"0 0 100 100\" preserveAspectRatio=\"none\"><polygon points=\"0,0 0,99 99,0\"><\/polygon><polygon points=\"0,0 0,100 49,100 49,0\"><\/polygon><\/svg><\/div>\t\t<div class=\"wpbc-co-in\"><svg height=\"100%\" width=\"100%\" viewBox=\"0 0 98 98\" preserveAspectRatio=\"none\"><polygon points=\"0,99 99,99 99,0\"><\/polygon><polygon points=\"50,98 98,98 98,0 50,0\"><\/polygon><\/svg><\/div>\t<\/div>\t<div class=\"date-cell-content\">\t\t<div class=\"date-content-top\"><div class=\"wpbc_time_dots\">\u00b7<\/div><\/div>\t\t<a>&nbsp;<\/a>\t\t<div class=\"date-content-bottom\"><\/div>\t<\/div><\/div><\/td><\/tr><\/tbody><\/table><\/div><\/span><\/div><div class=\"block_text\">- <\/div><div class=\"block_text\">Partially booked<\/div><\/div><\/div><\/div> <script type=\"text\/javascript\"> (function() { var a = setInterval( function() {  if ( ( 'undefined' === typeof _wpbc ) || ( 'undefined' === typeof jQuery ) || ! window.jQuery ) { return; } clearInterval( a ); jQuery( document ).ready( function (){ _wpbc.balancer__set_max_threads( 3 );  _wpbc.calendar__set_param_value( 1 , 'calendar_scroll_to' , false );  _wpbc.calendar__set_param_value( 1 , 'calendar_dates_start' , '' );  _wpbc.calendar__set_param_value( 1 , 'calendar_dates_end' , '' );  _wpbc.calendar__set_param_value( 1 , 'booking_max_monthes_in_calendar' , '1y' );  _wpbc.calendar__set_param_value( 1 , 'booking_start_day_weeek' , '0' );  _wpbc.calendar__set_param_value( 1 , 'calendar_number_of_months' , '2' );   _wpbc.calendar__set_param_value( 1, 'days_select_mode', 'multiple' );   _wpbc.calendar__set_param_value( 1, 'fixed__days_num', 0 );   _wpbc.calendar__set_param_value( 1, 'fixed__week_days__start',   [] );   _wpbc.calendar__set_param_value( 1, 'dynamic__days_min', 0 );   _wpbc.calendar__set_param_value( 1, 'dynamic__days_max', 0 );   _wpbc.calendar__set_param_value( 1, 'dynamic__days_specific',    [] );   _wpbc.calendar__set_param_value( 1, 'dynamic__week_days__start', [] );   _wpbc.calendar__set_param_value( 1, 'booking_date_format', 'F j, Y' );   _wpbc.calendar__set_param_value( 1, 'booking_time_format', 'g:i a' );   if ( 'function' === typeof ( wpbc__conditions__SAVE_INITIAL__days_selection_params__bm ) ){ wpbc__conditions__SAVE_INITIAL__days_selection_params__bm( 1 ); }   wpbc_calendar_show( '1' );   _wpbc.set_secure_param( 'nonce',   '87a18adf7f' );   _wpbc.set_secure_param( 'user_id', '0' );   _wpbc.set_secure_param( 'locale',  'es_ES' );  wpbc_calendar__load_data__ajx( {\"resource_id\":1,\"booking_hash\":\"\",\"request_uri\":\"\\\/es\\\/wp-json\\\/wp\\\/v2\\\/pages\\\/15465\",\"custom_form\":\"standard\",\"aggregate_resource_id_str\":\"\",\"aggregate_type\":\"all\"} ); } ); }, 500 ); })();<\/script><\/span><\/div><br \/>\n[\/vc_column_text][vc_separator type=\u00bbtransparent\u00bb up=\u00bb15&#8243; down=\u00bb0&#8243;][\/vc_column][\/vc_row]<\/p>\n","protected":false},"excerpt":{"rendered":"<p>[vc_row css_animation=\u00bb\u00bb row_type=\u00bbrow\u00bb use_row_as_full_screen_section=\u00bbno\u00bb type=\u00bbfull_width\u00bb angled_section=\u00bbno\u00bb text_align=\u00bbleft\u00bb background_image_as_pattern=\u00bbwithout_pattern\u00bb][vc_column][vc_column_text][\/vc_column_text][\/vc_column][\/vc_row][vc_row css_animation=\u00bb\u00bb row_type=\u00bbrow\u00bb use_row_as_full_screen_section=\u00bbno\u00bb type=\u00bbfull_width\u00bb angled_section=\u00bbno\u00bb text_align=\u00bbleft\u00bb background_image_as_pattern=\u00bbwithout_pattern\u00bb][vc_column][vc_column_text][\/vc_column_text][\/vc_column][\/vc_row][vc_row css_animation=\u00bb\u00bb row_type=\u00bbrow\u00bb use_row_as_full_screen_section=\u00bbno\u00bb type=\u00bbgrid\u00bb angled_section=\u00bbno\u00bb text_align=\u00bbcenter\u00bb background_image_as_pattern=\u00bbwithout_pattern\u00bb padding_bottom=\u00bb60&#8243; padding_top=\u00bb65&#8243;][vc_column offset=\u00bbvc_col-lg-offset-2 vc_col-lg-8 vc_col-md-offset-1 vc_col-md-10&#8243;][vc_single_image image=\u00bb15477&#8243; img_size=\u00bbmedium\u00bb alignment=\u00bbcenter\u00bb qode_css_animation=\u00bb\u00bb][vc_separator type=\u00bbtransparent\u00bb up=\u00bb23&#8243; down=\u00bb0&#8243;][vc_column_text] Tarifas [\/vc_column_text][vc_column_text] Casa para Vacacionar de 6 recamaras y 8&#8230;<\/p>\n","protected":false},"author":11,"featured_media":0,"parent":0,"menu_order":0,"comment_status":"closed","ping_status":"closed","template":"full_width.php","meta":{"footnotes":""},"class_list":["post-15465","page","type-page","status-publish","hentry"],"_links":{"self":[{"href":"https:\/\/casaheyne.com\/es\/wp-json\/wp\/v2\/pages\/15465","targetHints":{"allow":["GET"]}}],"collection":[{"href":"https:\/\/casaheyne.com\/es\/wp-json\/wp\/v2\/pages"}],"about":[{"href":"https:\/\/casaheyne.com\/es\/wp-json\/wp\/v2\/types\/page"}],"author":[{"embeddable":true,"href":"https:\/\/casaheyne.com\/es\/wp-json\/wp\/v2\/users\/11"}],"replies":[{"embeddable":true,"href":"https:\/\/casaheyne.com\/es\/wp-json\/wp\/v2\/comments?post=15465"}],"version-history":[{"count":18,"href":"https:\/\/casaheyne.com\/es\/wp-json\/wp\/v2\/pages\/15465\/revisions"}],"predecessor-version":[{"id":16016,"href":"https:\/\/casaheyne.com\/es\/wp-json\/wp\/v2\/pages\/15465\/revisions\/16016"}],"wp:attachment":[{"href":"https:\/\/casaheyne.com\/es\/wp-json\/wp\/v2\/media?parent=15465"}],"curies":[{"name":"wp","href":"https:\/\/api.w.org\/{rel}","templated":true}]}}