{"id":72,"date":"2019-07-31T18:58:18","date_gmt":"2019-07-31T18:58:18","guid":{"rendered":"http:\/\/mariabonita.flywheelsites.com\/?page_id=72"},"modified":"2019-12-13T19:45:48","modified_gmt":"2019-12-13T19:45:48","slug":"rooms","status":"publish","type":"page","link":"https:\/\/casaheyne.com\/es\/rooms\/","title":{"rendered":"Habitaciones"},"content":{"rendered":"<p>[vc_row css_animation=\u00bb\u00bb row_type=\u00bbrow\u00bb use_row_as_full_screen_section=\u00bbno\u00bb type=\u00bbgrid\u00bb angled_section=\u00bbno\u00bb text_align=\u00bbleft\u00bb background_image_as_pattern=\u00bbwithout_pattern\u00bb z_index=\u00bb\u00bb][vc_column width=\u00bb1\/3&#8243;][vc_empty_space][vc_empty_space][vc_empty_space][vc_column_text]<\/p>\n<h2 style=\"text-align: center;\"><span style=\"color: #000000;\">&#8212; SALA PRINCIPAL &#8212;<\/span><\/h2>\n<p>[\/vc_column_text][vc_empty_space][vc_column_text css=\u00bb.vc_custom_1576116041056{padding-right: 75px !important;padding-left: 75px !important;}\u00bb]<\/p>\n<p style=\"text-align: center;\">Es la suite m\u00e1s grande con su cama king size y sala grande, tres patios tres chimeneas, gran ba\u00f1o y vestidor.<\/p>\n<p>[\/vc_column_text][vc_empty_space height=\u00bb30px\u00bb][\/vc_column][vc_column width=\u00bb2\/3&#8243;][vc_empty_space][vc_gallery interval=\u00bb0&#8243; images=\u00bb15496,15495,15497&#8243; img_size=\u00bbfull\u00bb][\/vc_column][\/vc_row][vc_row css_animation=\u00bb\u00bb row_type=\u00bbrow\u00bb use_row_as_full_screen_section=\u00bbno\u00bb type=\u00bbgrid\u00bb angled_section=\u00bbno\u00bb text_align=\u00bbleft\u00bb background_image_as_pattern=\u00bbwithout_pattern\u00bb z_index=\u00bb\u00bb][vc_column width=\u00bb1\/3&#8243;][vc_empty_space][vc_empty_space][vc_empty_space][vc_column_text]<\/p>\n<h2 style=\"text-align: center;\"><span style=\"color: #000000;\">&#8212; VISTA &#8212;<\/span><\/h2>\n<p>[\/vc_column_text][vc_empty_space][vc_column_text css=\u00bb.vc_custom_1576116077990{padding-right: 75px !important;padding-left: 75px !important;}\u00bb]<\/p>\n<p style=\"text-align: center;\">Cama king size, chimenea, vista de San Miguel de Allende, patio privado con fuente, decoraci\u00f3n religiosa de la \u00e9poca colonial.<\/p>\n<p>[\/vc_column_text][vc_empty_space height=\u00bb30px\u00bb][\/vc_column][vc_column width=\u00bb2\/3&#8243;][vc_gallery interval=\u00bb0&#8243; images=\u00bb15499,15500,15501,15502&#8243; img_size=\u00bbfull\u00bb][\/vc_column][\/vc_row][vc_row css_animation=\u00bb\u00bb row_type=\u00bbrow\u00bb use_row_as_full_screen_section=\u00bbno\u00bb type=\u00bbgrid\u00bb angled_section=\u00bbno\u00bb text_align=\u00bbleft\u00bb background_image_as_pattern=\u00bbwithout_pattern\u00bb z_index=\u00bb\u00bb][vc_column width=\u00bb1\/3&#8243;][vc_empty_space][vc_empty_space][vc_empty_space][vc_column_text]<\/p>\n<h2 style=\"text-align: center;\"><span style=\"color: #000000;\">&#8212; PRIVADA &#8212;<\/span><\/h2>\n<p>[\/vc_column_text][vc_empty_space][vc_column_text css=\u00bb.vc_custom_1576116102234{padding-right: 75px !important;padding-left: 75px !important;}\u00bb]<\/p>\n<p style=\"text-align: center;\">Camas king o individuales, patio privado, fuente, vestidor grande, chimenea, mucho arte y azulejos de talavera local.<\/p>\n<p>[\/vc_column_text][vc_empty_space height=\u00bb30px\u00bb][\/vc_column][vc_column width=\u00bb2\/3&#8243;][vc_gallery interval=\u00bb0&#8243; images=\u00bb15503,15504,15505,15506,15507,15508&#8243; img_size=\u00bbfull\u00bb][\/vc_column][\/vc_row][vc_row css_animation=\u00bb\u00bb row_type=\u00bbrow\u00bb use_row_as_full_screen_section=\u00bbno\u00bb type=\u00bbgrid\u00bb angled_section=\u00bbno\u00bb text_align=\u00bbleft\u00bb background_image_as_pattern=\u00bbwithout_pattern\u00bb z_index=\u00bb\u00bb][vc_column width=\u00bb1\/3&#8243;][vc_empty_space][vc_empty_space][vc_empty_space][vc_column_text]<\/p>\n<h2 style=\"text-align: center;\"><span style=\"color: #000000;\">&#8212; MOROCCO &#8212;<\/span><\/h2>\n<p>[\/vc_column_text][vc_empty_space][vc_column_text css=\u00bb.vc_custom_1576116133604{padding-right: 75px !important;padding-left: 75px !important;}\u00bb]<\/p>\n<p style=\"text-align: center;\">Camas king o individuales, chimenea, pisos alfombrados, techo abovedado estilo marroqu\u00ed.<\/p>\n<p>[\/vc_column_text][vc_empty_space height=\u00bb30px\u00bb][\/vc_column][vc_column width=\u00bb2\/3&#8243;][vc_gallery interval=\u00bb0&#8243; images=\u00bb15509,15510&#8243; img_size=\u00bbfull\u00bb][\/vc_column][\/vc_row][vc_row css_animation=\u00bb\u00bb row_type=\u00bbrow\u00bb use_row_as_full_screen_section=\u00bbno\u00bb type=\u00bbgrid\u00bb angled_section=\u00bbno\u00bb text_align=\u00bbleft\u00bb background_image_as_pattern=\u00bbwithout_pattern\u00bb z_index=\u00bb\u00bb][vc_column width=\u00bb1\/3&#8243;][vc_empty_space][vc_empty_space][vc_empty_space][vc_column_text]<\/p>\n<h2 style=\"text-align: center;\"><span style=\"color: #000000;\">&#8212; ADOBE &#8212;<\/span><\/h2>\n<p>[\/vc_column_text][vc_empty_space][vc_column_text css=\u00bb.vc_custom_1576116152294{padding-right: 75px !important;padding-left: 75px !important;}\u00bb]<\/p>\n<p style=\"text-align: center;\">Camas king o individuales, chimenea, paredes de adobe a la vista; decorada con de arte popular de todo M\u00e9xico<\/p>\n<p>[\/vc_column_text][vc_empty_space height=\u00bb30px\u00bb][\/vc_column][vc_column width=\u00bb2\/3&#8243;][vc_gallery interval=\u00bb0&#8243; images=\u00bb15511,15512&#8243; img_size=\u00bbfull\u00bb][\/vc_column][\/vc_row][vc_row css_animation=\u00bb\u00bb row_type=\u00bbrow\u00bb use_row_as_full_screen_section=\u00bbno\u00bb type=\u00bbgrid\u00bb angled_section=\u00bbno\u00bb text_align=\u00bbleft\u00bb background_image_as_pattern=\u00bbwithout_pattern\u00bb z_index=\u00bb\u00bb][vc_column width=\u00bb1\/3&#8243;][vc_empty_space][vc_empty_space][vc_empty_space][vc_column_text]<\/p>\n<h2 style=\"text-align: center;\"><span style=\"color: #000000;\">&#8212; CACTUS &#8212;<\/span><\/h2>\n<p>[\/vc_column_text][vc_empty_space][vc_column_text css=\u00bb.vc_custom_1576116173069{padding-right: 75px !important;padding-left: 75px !important;}\u00bb]<\/p>\n<p style=\"text-align: center;\">Camas king o individuales, techo de b\u00f3veda, decoraci\u00f3n estilo vaquero mexicano de la d\u00e9cada de los 40, azulejos de cactus en el ba\u00f1o.<\/p>\n<p>[\/vc_column_text][vc_empty_space height=\u00bb30px\u00bb][\/vc_column][vc_column width=\u00bb2\/3&#8243;][vc_gallery interval=\u00bb0&#8243; images=\u00bb15514,15513,15515&#8243; img_size=\u00bbfull\u00bb][\/vc_column][\/vc_row]<\/p>\n","protected":false},"excerpt":{"rendered":"<p>[vc_row css_animation=\u00bb\u00bb row_type=\u00bbrow\u00bb use_row_as_full_screen_section=\u00bbno\u00bb type=\u00bbgrid\u00bb angled_section=\u00bbno\u00bb text_align=\u00bbleft\u00bb background_image_as_pattern=\u00bbwithout_pattern\u00bb z_index=\u00bb\u00bb][vc_column width=\u00bb1\/3&#8243;][vc_empty_space][vc_empty_space][vc_empty_space][vc_column_text] &#8212; SALA PRINCIPAL &#8212; [\/vc_column_text][vc_empty_space][vc_column_text css=\u00bb.vc_custom_1576116041056{padding-right: 75px !important;padding-left: 75px !important;}\u00bb] Es la suite m\u00e1s grande con su cama king size y sala grande, tres patios tres chimeneas, gran ba\u00f1o y vestidor. [\/vc_column_text][vc_empty_space height=\u00bb30px\u00bb][\/vc_column][vc_column width=\u00bb2\/3&#8243;][vc_empty_space][vc_gallery interval=\u00bb0&#8243;&#8230;<\/p>\n","protected":false},"author":11,"featured_media":0,"parent":0,"menu_order":0,"comment_status":"closed","ping_status":"closed","template":"full_width.php","meta":{"footnotes":""},"class_list":["post-72","page","type-page","status-publish","hentry"],"_links":{"self":[{"href":"https:\/\/casaheyne.com\/es\/wp-json\/wp\/v2\/pages\/72","targetHints":{"allow":["GET"]}}],"collection":[{"href":"https:\/\/casaheyne.com\/es\/wp-json\/wp\/v2\/pages"}],"about":[{"href":"https:\/\/casaheyne.com\/es\/wp-json\/wp\/v2\/types\/page"}],"author":[{"embeddable":true,"href":"https:\/\/casaheyne.com\/es\/wp-json\/wp\/v2\/users\/11"}],"replies":[{"embeddable":true,"href":"https:\/\/casaheyne.com\/es\/wp-json\/wp\/v2\/comments?post=72"}],"version-history":[{"count":11,"href":"https:\/\/casaheyne.com\/es\/wp-json\/wp\/v2\/pages\/72\/revisions"}],"predecessor-version":[{"id":15896,"href":"https:\/\/casaheyne.com\/es\/wp-json\/wp\/v2\/pages\/72\/revisions\/15896"}],"wp:attachment":[{"href":"https:\/\/casaheyne.com\/es\/wp-json\/wp\/v2\/media?parent=72"}],"curies":[{"name":"wp","href":"https:\/\/api.w.org\/{rel}","templated":true}]}}